{"id":1821,"date":"2024-03-18T13:52:54","date_gmt":"2024-03-18T12:52:54","guid":{"rendered":"https:\/\/lindhautomation.com\/?post_type=product&#038;p=1821"},"modified":"2025-05-19T11:08:03","modified_gmt":"2025-05-19T09:08:03","slug":"promesh-b16-managed-switch","status":"publish","type":"product","link":"https:\/\/lindhautomation.com\/en\/product\/promesh-b16-managed-switch\/","title":{"rendered":"PROmesh B16 Managed Switch"},"content":{"rendered":"<h2><em>Industrial managed switch for high-performance network communication<\/em><\/h2>\n<p>Denna managed switch med 16 portar har ett inbyggt webbgr\u00e4nssnitt som g\u00f6r konfigurationen enkel och smidig. Tack vare kompakt design, en enkel DIN-skena och optimerade termiska egenskaper sparas utrymme i kopplingssk\u00e5pet. Enheten \u00e4r UL-, CSA-, CE- och UKCA-godk\u00e4nd.<\/p>\n<p><strong>PROFINET Certified\u00a0<\/strong>According to Conformance Class B and GSDML file<\/p>\n<p class=\"translation-block\" data-trp-translate-id-innertext=\"5411\" data-trp-node-group-innertext=\"String List\"><strong>EtherNet\/IP-certifierad:\u00a0<\/strong>Med ESD-fil.<\/p>\n<p class=\"translation-block translation-block\" data-trp-translate-id-innertext=\"5406\" data-trp-node-group-innertext=\"String List\"><strong>Industrial switching technology with a focus on performance: <\/strong>Be ready for future demands for increased data volume in increasingly complex machine or hall networks.<\/p>\n<p class=\"translation-block translation-block\" data-trp-translate-id-innertext=\"5412\" data-trp-node-group-innertext=\"String List\"><strong>Integrated web interface: <\/strong>Full switch management, even without additional software.<\/p>","protected":false},"excerpt":{"rendered":"<ul>\n<li><em>PROFINET v2.4 certified<\/em><\/li>\n<li><em>Conformance Class B<\/em><\/li>\n<li><em>L\u00e4mplig f\u00f6r PROFINET och EtherNet\/IP<\/em><\/li>\n<li><em>PROFINET Netload Class III<\/em><\/li>\n<li><em>16x RJ45 (upp till 100 mbit\/s).<\/em><\/li>\n<\/ul>","protected":false},"featured_media":2031,"template":"","meta":{"site-sidebar-layout":"default","site-content-layout":"","ast-site-content-layout":"default","site-content-style":"default","site-sidebar-style":"default","ast-global-header-display":"","ast-banner-title-visibility":"","ast-main-header-display":"","ast-hfb-above-header-display":"","ast-hfb-below-header-display":"","ast-hfb-mobile-header-display":"","site-post-title":"","ast-breadcrumbs-content":"","ast-featured-img":"","footer-sml-layout":"","ast-disable-related-posts":"","theme-transparent-header-meta":"default","adv-header-id-meta":"","stick-header-meta":"","header-above-stick-meta":"","header-main-stick-meta":"","header-below-stick-meta":"","astra-migrate-meta-layouts":"set","ast-page-background-enabled":"default","ast-page-background-meta":{"desktop":{"background-color":"var(--ast-global-color-4)","background-image":"","background-repeat":"repeat","background-position":"center center","background-size":"auto","background-attachment":"scroll","background-type":"","background-media":"","overlay-type":"","overlay-color":"","overlay-opacity":"","overlay-gradient":""},"tablet":{"background-color":"","background-image":"","background-repeat":"repeat","background-position":"center center","background-size":"auto","background-attachment":"scroll","background-type":"","background-media":"","overlay-type":"","overlay-color":"","overlay-opacity":"","overlay-gradient":""},"mobile":{"background-color":"","background-image":"","background-repeat":"repeat","background-position":"center center","background-size":"auto","background-attachment":"scroll","background-type":"","background-media":"","overlay-type":"","overlay-color":"","overlay-opacity":"","overlay-gradient":""}},"ast-content-background-meta":{"desktop":{"background-color":"var(--ast-global-color-5)","background-image":"","background-repeat":"repeat","background-position":"center center","background-size":"auto","background-attachment":"scroll","background-type":"","background-media":"","overlay-type":"","overlay-color":"","overlay-opacity":"","overlay-gradient":""},"tablet":{"background-color":"var(--ast-global-color-5)","background-image":"","background-repeat":"repeat","background-position":"center center","background-size":"auto","background-attachment":"scroll","background-type":"","background-media":"","overlay-type":"","overlay-color":"","overlay-opacity":"","overlay-gradient":""},"mobile":{"background-color":"var(--ast-global-color-5)","background-image":"","background-repeat":"repeat","background-position":"center center","background-size":"auto","background-attachment":"scroll","background-type":"","background-media":"","overlay-type":"","overlay-color":"","overlay-opacity":"","overlay-gradient":""}}},"product_brand":[],"product_cat":[184,159,161,154,139,182,134,148,146],"product_tag":[],"class_list":{"0":"post-1821","1":"product","2":"type-product","3":"status-publish","4":"has-post-thumbnail","6":"product_cat-promesh-b-serien","7":"product_cat-ethernet-ip","8":"product_cat-ethernet-ip-komponenter","9":"product_cat-industrial-ethernet","10":"product_cat-industrial-ethernet-switchar","11":"product_cat-natverksswitchar","12":"product_cat-profinet","13":"product_cat-profinet-komponenter","14":"product_cat-profinet-switchar","15":"desktop-align-left","16":"tablet-align-left","17":"mobile-align-left","19":"first","20":"instock","21":"shipping-taxable","22":"product-type-simple"},"_links":{"self":[{"href":"https:\/\/lindhautomation.com\/en\/wp-json\/wp\/v2\/product\/1821","targetHints":{"allow":["GET"]}}],"collection":[{"href":"https:\/\/lindhautomation.com\/en\/wp-json\/wp\/v2\/product"}],"about":[{"href":"https:\/\/lindhautomation.com\/en\/wp-json\/wp\/v2\/types\/product"}],"version-history":[{"count":4,"href":"https:\/\/lindhautomation.com\/en\/wp-json\/wp\/v2\/product\/1821\/revisions"}],"predecessor-version":[{"id":3989,"href":"https:\/\/lindhautomation.com\/en\/wp-json\/wp\/v2\/product\/1821\/revisions\/3989"}],"wp:featuredmedia":[{"embeddable":true,"href":"https:\/\/lindhautomation.com\/en\/wp-json\/wp\/v2\/media\/2031"}],"wp:attachment":[{"href":"https:\/\/lindhautomation.com\/en\/wp-json\/wp\/v2\/media?parent=1821"}],"wp:term":[{"taxonomy":"product_brand","embeddable":true,"href":"https:\/\/lindhautomation.com\/en\/wp-json\/wp\/v2\/product_brand?post=1821"},{"taxonomy":"product_cat","embeddable":true,"href":"https:\/\/lindhautomation.com\/en\/wp-json\/wp\/v2\/product_cat?post=1821"},{"taxonomy":"product_tag","embeddable":true,"href":"https:\/\/lindhautomation.com\/en\/wp-json\/wp\/v2\/product_tag?post=1821"}],"curies":[{"name":"wp","href":"https:\/\/api.w.org\/{rel}","templated":true}]}}