{"id":1808,"date":"2024-03-24T15:02:49","date_gmt":"2024-03-24T14:02:49","guid":{"rendered":"https:\/\/lindhautomation.com\/?post_type=product&#038;p=1808"},"modified":"2025-02-04T00:30:24","modified_gmt":"2025-02-03T23:30:24","slug":"profibus-diagnostic-duo","status":"publish","type":"product","link":"https:\/\/lindhautomation.com\/en\/product\/profibus-diagnostic-duo\/","title":{"rendered":"PROFIBUS Diagnostic DUO"},"content":{"rendered":"<div class=\"et_pb_module et_pb_text et_pb_text_10 et_pb_text_align_left et_pb_bg_layout_light\">\n<div class=\"et_pb_text_inner\">\n<div class=\"et_pb_module et_pb_text et_pb_text_10 et_pb_text_align_left et_pb_bg_layout_light\">\n<div class=\"et_pb_text_inner\">\n<p class=\"translation-block\">The right tool for online and offline analysis, with <strong>PROFIBUS Diagnostic DUO<\/strong> you are well prepared for the following tasks: Troubleshooting, regular service, commissioning and acceptance testing!<\/p>\n<\/div>\n<\/div>\n<\/div>\n<div class=\"et_pb_text_inner\">\n<p class=\"fullsize\">Set includes:<\/p>\n<p class=\"translation-block\">PROFIBUS-testern\u00a0<a href=\"https:\/\/lindhautomation.com\/en\/product\/profibus-tester-pb-q-one\/\" target=\"_blank\" rel=\"noopener\"><strong>PB-Q ONE<\/strong><\/a> ger en snabb och p\u00e5litlig diagnos av ditt n\u00e4tverk. Exakta m\u00e4tresultat visas inom n\u00e5gra sekunder och <span class=\"Y2IQFc\" lang=\"sv\">avbildas <\/span>med hj\u00e4lp av symboler i trafikljusf\u00e4rger. <span class=\"Y2IQFc\" lang=\"sv\">PROFIBUS-topologin detekteras automatiskt inom n\u00e5gra sekunder, under p\u00e5g\u00e5ende produktionsf\u00f6rh\u00e5llanden.<\/span><\/p>\n<p class=\"translation-block\">The cable tester <a href=\"https:\/\/lindhautomation.com\/en\/product\/proftest-ii-xl\/\" target=\"_blank\" rel=\"noopener\"><strong>PROFtest II<\/strong><\/a> checks the correct the cable installation in your PROFIBUS system. The test is carried out in several stages, i.e. one measurement at each end of each segment. The results are stored in the tool and can be printed in the form of a report via the computer.<\/p>\n<\/div>\n<\/div>\n<div class=\"et_pb_module et_pb_text et_pb_text_11 et_pb_text_align_left et_pb_bg_layout_light\">\n<div class=\"et_pb_text_inner\"><\/div>\n<\/div>","protected":false},"excerpt":{"rendered":"<p class=\"fullsize\"><strong>Set includes:<\/strong><\/p>\n<p>1.\u00a0<a href=\"https:\/\/lindhautomation.com\/sv\/produkt\/profibus-tester-pb-q-one\/\" target=\"_blank\" rel=\"noopener\"><strong>PROFIBUS tester PB-Q One<\/strong> \u2013 <\/a><em>M\u00e4tning av kommunikationskvalitet i PROFIBUS-n\u00e4tverk.<\/em><\/p>\n<p>2.\u00a0<a href=\"https:\/\/lindhautomation.com\/sv\/produkt\/proftest-ii-xl\/\" target=\"_blank\" rel=\"noopener\"><strong>PROFtest II XL<\/strong> \u2013 <\/a><em>Kabeltestare f\u00f6r PROFIBUS.<\/em><\/p>\n<p>&nbsp;<\/p>","protected":false},"featured_media":2023,"template":"","meta":{"site-sidebar-layout":"default","site-content-layout":"","ast-site-content-layout":"default","site-content-style":"default","site-sidebar-style":"default","ast-global-header-display":"","ast-banner-title-visibility":"","ast-main-header-display":"","ast-hfb-above-header-display":"","ast-hfb-below-header-display":"","ast-hfb-mobile-header-display":"","site-post-title":"","ast-breadcrumbs-content":"","ast-featured-img":"","footer-sml-layout":"","ast-disable-related-posts":"","theme-transparent-header-meta":"default","adv-header-id-meta":"","stick-header-meta":"","header-above-stick-meta":"","header-main-stick-meta":"","header-below-stick-meta":"","astra-migrate-meta-layouts":"set","ast-page-background-enabled":"default","ast-page-background-meta":{"desktop":{"background-color":"var(--ast-global-color-4)","background-image":"","background-repeat":"repeat","background-position":"center center","background-size":"auto","background-attachment":"scroll","background-type":"","background-media":"","overlay-type":"","overlay-color":"","overlay-opacity":"","overlay-gradient":""},"tablet":{"background-color":"","background-image":"","background-repeat":"repeat","background-position":"center center","background-size":"auto","background-attachment":"scroll","background-type":"","background-media":"","overlay-type":"","overlay-color":"","overlay-opacity":"","overlay-gradient":""},"mobile":{"background-color":"","background-image":"","background-repeat":"repeat","background-position":"center center","background-size":"auto","background-attachment":"scroll","background-type":"","background-media":"","overlay-type":"","overlay-color":"","overlay-opacity":"","overlay-gradient":""}},"ast-content-background-meta":{"desktop":{"background-color":"var(--ast-global-color-5)","background-image":"","background-repeat":"repeat","background-position":"center center","background-size":"auto","background-attachment":"scroll","background-type":"","background-media":"","overlay-type":"","overlay-color":"","overlay-opacity":"","overlay-gradient":""},"tablet":{"background-color":"var(--ast-global-color-5)","background-image":"","background-repeat":"repeat","background-position":"center center","background-size":"auto","background-attachment":"scroll","background-type":"","background-media":"","overlay-type":"","overlay-color":"","overlay-opacity":"","overlay-gradient":""},"mobile":{"background-color":"var(--ast-global-color-5)","background-image":"","background-repeat":"repeat","background-position":"center center","background-size":"auto","background-attachment":"scroll","background-type":"","background-media":"","overlay-type":"","overlay-color":"","overlay-opacity":"","overlay-gradient":""}}},"product_brand":[],"product_cat":[21,151],"product_tag":[],"class_list":{"0":"post-1808","1":"product","2":"type-product","3":"status-publish","4":"has-post-thumbnail","6":"product_cat-profibus","7":"product_cat-profibus-diagnostik","8":"desktop-align-left","9":"tablet-align-left","10":"mobile-align-left","12":"first","13":"instock","14":"shipping-taxable","15":"product-type-simple"},"_links":{"self":[{"href":"https:\/\/lindhautomation.com\/en\/wp-json\/wp\/v2\/product\/1808","targetHints":{"allow":["GET"]}}],"collection":[{"href":"https:\/\/lindhautomation.com\/en\/wp-json\/wp\/v2\/product"}],"about":[{"href":"https:\/\/lindhautomation.com\/en\/wp-json\/wp\/v2\/types\/product"}],"version-history":[{"count":5,"href":"https:\/\/lindhautomation.com\/en\/wp-json\/wp\/v2\/product\/1808\/revisions"}],"predecessor-version":[{"id":4006,"href":"https:\/\/lindhautomation.com\/en\/wp-json\/wp\/v2\/product\/1808\/revisions\/4006"}],"wp:featuredmedia":[{"embeddable":true,"href":"https:\/\/lindhautomation.com\/en\/wp-json\/wp\/v2\/media\/2023"}],"wp:attachment":[{"href":"https:\/\/lindhautomation.com\/en\/wp-json\/wp\/v2\/media?parent=1808"}],"wp:term":[{"taxonomy":"product_brand","embeddable":true,"href":"https:\/\/lindhautomation.com\/en\/wp-json\/wp\/v2\/product_brand?post=1808"},{"taxonomy":"product_cat","embeddable":true,"href":"https:\/\/lindhautomation.com\/en\/wp-json\/wp\/v2\/product_cat?post=1808"},{"taxonomy":"product_tag","embeddable":true,"href":"https:\/\/lindhautomation.com\/en\/wp-json\/wp\/v2\/product_tag?post=1808"}],"curies":[{"name":"wp","href":"https:\/\/api.w.org\/{rel}","templated":true}]}}