{"id":2940,"date":"2024-05-07T09:35:24","date_gmt":"2024-05-07T07:35:24","guid":{"rendered":"https:\/\/lindhautomation.com\/?page_id=2940"},"modified":"2024-06-12T15:13:23","modified_gmt":"2024-06-12T13:13:23","slug":"test","status":"publish","type":"page","link":"https:\/\/lindhautomation.com\/en\/test\/","title":{"rendered":"Test"},"content":{"rendered":"<div data-elementor-type=\"wp-page\" data-elementor-id=\"2940\" class=\"elementor elementor-2940\" data-elementor-post-type=\"page\">\n\t\t\t\t<div class=\"elementor-element elementor-element-204fa907 e-con-full e-flex e-con e-parent\" data-id=\"204fa907\" data-element_type=\"container\" data-e-type=\"container\" data-settings=\"{&quot;background_background&quot;:&quot;classic&quot;}\">\n\t\t\t\t<div class=\"elementor-element elementor-element-cab85e9 elementor--h-position-left elementor--v-position-middle elementor-widget elementor-widget-slides\" data-id=\"cab85e9\" data-element_type=\"widget\" data-e-type=\"widget\" data-settings=\"{&quot;navigation&quot;:&quot;none&quot;,&quot;autoplay&quot;:&quot;yes&quot;,&quot;autoplay_speed&quot;:5000,&quot;infinite&quot;:&quot;yes&quot;,&quot;transition&quot;:&quot;slide&quot;,&quot;transition_speed&quot;:500}\" data-widget_type=\"slides.default\">\n\t\t\t\t<div class=\"elementor-widget-container\">\n\t\t\t\t\t\t\t\t\t<div class=\"elementor-swiper\">\n\t\t\t\t\t<div class=\"elementor-slides-wrapper elementor-main-swiper swiper\" role=\"region\" aria-roledescription=\"carousel\" aria-label=\"Bildspel\" dir=\"ltr\" data-animation=\"fadeInLeft\">\n\t\t\t\t<div class=\"swiper-wrapper elementor-slides\">\n\t\t\t\t\t\t\t\t\t\t<div class=\"elementor-repeater-item-72aa05e swiper-slide\" role=\"group\" aria-roledescription=\"slide\"><div class=\"swiper-slide-bg\" role=\"img\" aria-label=\"Industry 4.0 smart factory interior showcases advanced automation, machinery, and robotics in a futuristic industrial setting. Innovation, engineering, and interconnected systems. Generative AI\"><\/div><div class=\"elementor-background-overlay\"><\/div><a class=\"swiper-slide-inner\" href=\"https:\/\/lindhautomation.com\/en\/produkter\/\"><div class=\"swiper-slide-contents\"><div class=\"elementor-slide-heading\">V\u00e4lkommen<\/div><div class=\"elementor-slide-description\">Lindh Automation \u00e4r Specialister inom\nIndustriella N\u00e4tverk och Automation<\/div><div  class=\"elementor-button elementor-slide-button elementor-size-xs\">Se v\u00e5ra produkter h\u00e4r<\/div><\/div><\/a><\/div><div class=\"elementor-repeater-item-d8269cc swiper-slide\" role=\"group\" aria-roledescription=\"slide\"><div class=\"swiper-slide-bg\" role=\"img\" aria-label=\"Home Page 4\"><\/div><div class=\"elementor-background-overlay\"><\/div><div class=\"swiper-slide-inner\" ><div class=\"swiper-slide-contents\"><div class=\"elementor-slide-heading\">Avoid Downtime<\/div><div class=\"elementor-slide-description\">Stabil och p\u00e5litlig drift \u00e4r en topprioritet f\u00f6r alla industriella anl\u00e4ggningar. <\/div><a href=\"https:\/\/lindhautomation.com\/en\/tjanster\/\" class=\"elementor-button elementor-slide-button elementor-size-xs\">L\u00e4s mer<\/a><\/div><\/div><\/div><div class=\"elementor-repeater-item-908b107 swiper-slide\" role=\"group\" aria-roledescription=\"slide\"><div class=\"swiper-slide-bg\" role=\"img\" aria-label=\"\"><\/div><div class=\"elementor-background-overlay\"><\/div><a class=\"swiper-slide-inner\" href=\"https:\/\/lindhautomation.com\/en\/tjanster\/\"><div class=\"swiper-slide-contents\"><div class=\"elementor-slide-heading\">Troubleshooting<\/div><div class=\"elementor-slide-description\">V\u00e5rt erfarna m\u00e4t- och service-team kan hj\u00e4lpa dig med fels\u00f6kning, utbildning och underh\u00e5ll<\/div><div  class=\"elementor-button elementor-slide-button elementor-size-xs\">L\u00e4s mer<\/div><\/div><\/a><\/div>\t\t\t\t<\/div>\n\t\t\t\t\t\t\t\t\t\t\t\t\t\t\t\t\t\t\t\t\t<\/div>\n\t\t\t\t<\/div>\n\t\t\t\t\t\t\t\t<\/div>\n\t\t\t\t<\/div>\n\t\t\t\t<\/div>\n\t\t<div class=\"elementor-element elementor-element-bfa867c e-con-full e-flex e-con e-parent\" data-id=\"bfa867c\" data-element_type=\"container\" data-e-type=\"container\" data-settings=\"{&quot;background_background&quot;:&quot;classic&quot;}\">\n\t\t<div class=\"elementor-element elementor-element-d2d64c3 e-con-full e-flex e-con e-child\" data-id=\"d2d64c3\" data-element_type=\"container\" data-e-type=\"container\">\n\t\t<div class=\"elementor-element elementor-element-dfcb836 e-con-full e-flex e-con e-child\" data-id=\"dfcb836\" data-element_type=\"container\" data-e-type=\"container\">\n\t\t<div class=\"elementor-element elementor-element-94559b3 e-con-full e-flex e-con e-child\" data-id=\"94559b3\" data-element_type=\"container\" data-e-type=\"container\" data-settings=\"{&quot;background_background&quot;:&quot;classic&quot;}\">\n\t\t\t\t<div class=\"elementor-element elementor-element-ff3f2d6 elementor-widget elementor-widget-image\" data-id=\"ff3f2d6\" data-element_type=\"widget\" data-e-type=\"widget\" data-widget_type=\"image.default\">\n\t\t\t\t<div class=\"elementor-widget-container\">\n\t\t\t\t\t\t\t\t\t\t\t\t\t\t\t\t<a href=\"\/en\/product-category\/profinet\/\">\n\t\t\t\t\t\t\t<img fetchpriority=\"high\" decoding=\"async\" width=\"900\" height=\"373\" src=\"https:\/\/lindhautomation.com\/wp-content\/uploads\/2024\/03\/profinet-1-e1713174878666.png\" class=\"attachment-large size-large wp-image-1511\" alt=\"\" srcset=\"https:\/\/lindhautomation.com\/wp-content\/uploads\/2024\/03\/profinet-1-e1713174878666.png 900w, https:\/\/lindhautomation.com\/wp-content\/uploads\/2024\/03\/profinet-1-e1713174878666-300x124.png 300w, https:\/\/lindhautomation.com\/wp-content\/uploads\/2024\/03\/profinet-1-e1713174878666-600x249.png 600w, https:\/\/lindhautomation.com\/wp-content\/uploads\/2024\/03\/profinet-1-e1713174878666-768x318.png 768w\" sizes=\"(max-width: 900px) 100vw, 900px\" \/>\t\t\t\t\t\t\t\t<\/a>\n\t\t\t\t\t\t\t\t\t\t\t\t\t\t\t<\/div>\n\t\t\t\t<\/div>\n\t\t\t\t<\/div>\n\t\t<div class=\"elementor-element elementor-element-7a82d02 e-con-full e-flex e-con e-child\" data-id=\"7a82d02\" data-element_type=\"container\" data-e-type=\"container\" data-settings=\"{&quot;background_background&quot;:&quot;classic&quot;}\">\n\t\t\t\t<div class=\"elementor-element elementor-element-8c57841 elementor-widget elementor-widget-image\" data-id=\"8c57841\" data-element_type=\"widget\" data-e-type=\"widget\" data-widget_type=\"image.default\">\n\t\t\t\t<div class=\"elementor-widget-container\">\n\t\t\t\t\t\t\t\t\t\t\t\t\t\t\t\t<a href=\"\/en\/product-category\/profibus\/\">\n\t\t\t\t\t\t\t<img decoding=\"async\" width=\"1024\" height=\"542\" src=\"https:\/\/lindhautomation.com\/wp-content\/uploads\/2024\/03\/profibus-1024x542.png\" class=\"attachment-large size-large wp-image-1505\" alt=\"\" srcset=\"https:\/\/lindhautomation.com\/wp-content\/uploads\/2024\/03\/profibus-1024x542.png 1024w, https:\/\/lindhautomation.com\/wp-content\/uploads\/2024\/03\/profibus-300x159.png 300w, https:\/\/lindhautomation.com\/wp-content\/uploads\/2024\/03\/profibus-600x318.png 600w, https:\/\/lindhautomation.com\/wp-content\/uploads\/2024\/03\/profibus-768x406.png 768w, https:\/\/lindhautomation.com\/wp-content\/uploads\/2024\/03\/profibus.png 1200w\" sizes=\"(max-width: 1024px) 100vw, 1024px\" \/>\t\t\t\t\t\t\t\t<\/a>\n\t\t\t\t\t\t\t\t\t\t\t\t\t\t\t<\/div>\n\t\t\t\t<\/div>\n\t\t\t\t<\/div>\n\t\t<div class=\"elementor-element elementor-element-0e2069f e-con-full e-flex e-con e-child\" data-id=\"0e2069f\" data-element_type=\"container\" data-e-type=\"container\" data-settings=\"{&quot;background_background&quot;:&quot;classic&quot;}\">\n\t\t\t\t<div class=\"elementor-element elementor-element-b4e22a6 elementor-widget elementor-widget-image\" data-id=\"b4e22a6\" data-element_type=\"widget\" data-e-type=\"widget\" data-widget_type=\"image.default\">\n\t\t\t\t<div class=\"elementor-widget-container\">\n\t\t\t\t\t\t\t\t\t\t\t\t\t\t\t\t<a href=\"https:\/\/lindhautomation.com\/en\/product-category\/industrial-ethernet\/\">\n\t\t\t\t\t\t\t<img decoding=\"async\" width=\"1024\" height=\"259\" src=\"https:\/\/lindhautomation.com\/wp-content\/uploads\/2024\/03\/industrialethernet-e1713174593975-1024x259.png\" class=\"attachment-large size-large wp-image-1508\" alt=\"\" srcset=\"https:\/\/lindhautomation.com\/wp-content\/uploads\/2024\/03\/industrialethernet-e1713174593975-1024x259.png 1024w, https:\/\/lindhautomation.com\/wp-content\/uploads\/2024\/03\/industrialethernet-e1713174593975-300x76.png 300w, https:\/\/lindhautomation.com\/wp-content\/uploads\/2024\/03\/industrialethernet-e1713174593975-600x152.png 600w, https:\/\/lindhautomation.com\/wp-content\/uploads\/2024\/03\/industrialethernet-e1713174593975-768x194.png 768w, https:\/\/lindhautomation.com\/wp-content\/uploads\/2024\/03\/industrialethernet-e1713174593975-1536x389.png 1536w, https:\/\/lindhautomation.com\/wp-content\/uploads\/2024\/03\/industrialethernet-e1713174593975.png 1920w\" sizes=\"(max-width: 1024px) 100vw, 1024px\" \/>\t\t\t\t\t\t\t\t<\/a>\n\t\t\t\t\t\t\t\t\t\t\t\t\t\t\t<\/div>\n\t\t\t\t<\/div>\n\t\t\t\t<\/div>\n\t\t<div class=\"elementor-element elementor-element-75342f9 e-con-full e-flex e-con e-child\" data-id=\"75342f9\" data-element_type=\"container\" data-e-type=\"container\" data-settings=\"{&quot;background_background&quot;:&quot;classic&quot;}\">\n\t\t\t\t<div class=\"elementor-element elementor-element-d140d62 elementor-widget elementor-widget-image\" data-id=\"d140d62\" data-element_type=\"widget\" data-e-type=\"widget\" data-widget_type=\"image.default\">\n\t\t\t\t<div class=\"elementor-widget-container\">\n\t\t\t\t\t\t\t\t\t\t\t\t\t\t\t\t<a href=\"\/en\/product-category\/emcdiagnos\/\">\n\t\t\t\t\t\t\t<img loading=\"lazy\" decoding=\"async\" width=\"1024\" height=\"345\" src=\"https:\/\/lindhautomation.com\/wp-content\/uploads\/2024\/03\/EMC-e1713174896707-1024x345.png\" class=\"attachment-large size-large wp-image-1507\" alt=\"\" srcset=\"https:\/\/lindhautomation.com\/wp-content\/uploads\/2024\/03\/EMC-e1713174896707-1024x345.png 1024w, https:\/\/lindhautomation.com\/wp-content\/uploads\/2024\/03\/EMC-e1713174896707-300x101.png 300w, https:\/\/lindhautomation.com\/wp-content\/uploads\/2024\/03\/EMC-e1713174896707-600x202.png 600w, https:\/\/lindhautomation.com\/wp-content\/uploads\/2024\/03\/EMC-e1713174896707-768x258.png 768w, https:\/\/lindhautomation.com\/wp-content\/uploads\/2024\/03\/EMC-e1713174896707-1536x517.png 1536w, https:\/\/lindhautomation.com\/wp-content\/uploads\/2024\/03\/EMC-e1713174896707.png 1920w\" sizes=\"(max-width: 1024px) 100vw, 1024px\" \/>\t\t\t\t\t\t\t\t<\/a>\n\t\t\t\t\t\t\t\t\t\t\t\t\t\t\t<\/div>\n\t\t\t\t<\/div>\n\t\t\t\t<\/div>\n\t\t<div class=\"elementor-element elementor-element-33dedf2 e-con-full e-flex e-con e-child\" data-id=\"33dedf2\" data-element_type=\"container\" data-e-type=\"container\" data-settings=\"{&quot;background_background&quot;:&quot;classic&quot;}\">\n\t\t\t\t<div class=\"elementor-element elementor-element-5df3377 elementor-widget elementor-widget-image\" data-id=\"5df3377\" data-element_type=\"widget\" data-e-type=\"widget\" data-widget_type=\"image.default\">\n\t\t\t\t<div class=\"elementor-widget-container\">\n\t\t\t\t\t\t\t\t\t\t\t\t\t\t\t\t<a href=\"\/en\/product-category\/canbus\/\">\n\t\t\t\t\t\t\t<img loading=\"lazy\" decoding=\"async\" width=\"889\" height=\"358\" src=\"https:\/\/lindhautomation.com\/wp-content\/uploads\/2024\/03\/can-e1713174912468.png\" class=\"attachment-large size-large wp-image-1504\" alt=\"\" srcset=\"https:\/\/lindhautomation.com\/wp-content\/uploads\/2024\/03\/can-e1713174912468.png 889w, https:\/\/lindhautomation.com\/wp-content\/uploads\/2024\/03\/can-e1713174912468-300x121.png 300w, https:\/\/lindhautomation.com\/wp-content\/uploads\/2024\/03\/can-e1713174912468-600x242.png 600w, https:\/\/lindhautomation.com\/wp-content\/uploads\/2024\/03\/can-e1713174912468-768x309.png 768w\" sizes=\"(max-width: 889px) 100vw, 889px\" \/>\t\t\t\t\t\t\t\t<\/a>\n\t\t\t\t\t\t\t\t\t\t\t\t\t\t\t<\/div>\n\t\t\t\t<\/div>\n\t\t\t\t<\/div>\n\t\t<div class=\"elementor-element elementor-element-6410d61 e-con-full e-flex e-con e-child\" data-id=\"6410d61\" data-element_type=\"container\" data-e-type=\"container\" data-settings=\"{&quot;background_background&quot;:&quot;classic&quot;}\">\n\t\t\t\t<div class=\"elementor-element elementor-element-e94181a elementor-widget elementor-widget-image\" data-id=\"e94181a\" data-element_type=\"widget\" data-e-type=\"widget\" data-widget_type=\"image.default\">\n\t\t\t\t<div class=\"elementor-widget-container\">\n\t\t\t\t\t\t\t\t\t\t\t\t\t\t\t\t<a href=\"\/en\/product-category\/asi\/\">\n\t\t\t\t\t\t\t<img loading=\"lazy\" decoding=\"async\" width=\"576\" height=\"302\" src=\"https:\/\/lindhautomation.com\/wp-content\/uploads\/2024\/03\/ASi-Logo-e1713174865786.png\" class=\"attachment-large size-large wp-image-1534\" alt=\"\" srcset=\"https:\/\/lindhautomation.com\/wp-content\/uploads\/2024\/03\/ASi-Logo-e1713174865786.png 576w, https:\/\/lindhautomation.com\/wp-content\/uploads\/2024\/03\/ASi-Logo-e1713174865786-300x157.png 300w\" sizes=\"(max-width: 576px) 100vw, 576px\" \/>\t\t\t\t\t\t\t\t<\/a>\n\t\t\t\t\t\t\t\t\t\t\t\t\t\t\t<\/div>\n\t\t\t\t<\/div>\n\t\t\t\t<\/div>\n\t\t\t\t<\/div>\n\t\t\t\t<\/div>\n\t\t\t\t<\/div>\n\t\t<div class=\"elementor-element elementor-element-1cc0a17 e-flex e-con-boxed e-con e-parent\" data-id=\"1cc0a17\" data-element_type=\"container\" data-e-type=\"container\" data-settings=\"{&quot;background_background&quot;:&quot;classic&quot;}\">\n\t\t\t\t\t<div class=\"e-con-inner\">\n\t\t<div class=\"elementor-element elementor-element-75f2433 e-con-full e-flex e-con e-child\" data-id=\"75f2433\" data-element_type=\"container\" data-e-type=\"container\">\n\t\t\t\t<div class=\"elementor-element elementor-element-b51df7b elementor-widget elementor-widget-text-editor\" data-id=\"b51df7b\" data-element_type=\"widget\" data-e-type=\"widget\" data-widget_type=\"text-editor.default\">\n\t\t\t\t<div class=\"elementor-widget-container\">\n\t\t\t\t\t\t\t\t\t<h4 class=\"elementor-heading-title elementor-size-default elementor-inline-editing pen\" contenteditable=\"true\" data-elementor-setting-key=\"title\" data-pen-placeholder=\"Type Here...\">Kompetenspartnern f\u00f6r industriell kommunikation<\/h4><p class=\"translation-block\">Regardless of whether it concerns the control of individual machines or complex processes in production and manufacturing, we at Lindh Automation provide expert knowledge for industrial automation. Within the industrial sector, system and machine communication is essential to ensure problem-free production without downtime.<\/p><p><span style=\"text-align: var(--text-align); background-color: rgba(255, 255, 255, 0);\">In addition to the complex processes in operations technology (OT) networks, convergent networking is becoming increasingly important. Due to the ongoing digitization, in line with Industry 4.0, network-based connections to the company's IT environment are becoming more necessary. This creates additional challenges for the OT networks, which are often still isolated at the manufacturing and process levels.<br \/><\/span><\/p><p><span style=\"text-align: var(--text-align); background-color: rgba(255, 255, 255, 0);\">With our comprehensive solutions, we are there with you throughout the entire journey \u2013 from planning to completed implementation into your production system. Thanks to our experience as both an industrial component manufacturer and a global partner for diagnostics and service to machine builders and plant operators, you can benefit from our extensive expertise.\u00a0<\/span><\/p><p class=\"translation-block\">Working with industrial networks is in our DNA and we constantly work to offer solutions from the forefront. Let us guide you towards smarter and more efficient industrial processes with solutions that exceed your expectations. To securely integrate machine networks into higher-level production networks, we offer solutions such as:<\/p>\t\t\t\t\t\t\t\t<\/div>\n\t\t\t\t<\/div>\n\t\t<div class=\"elementor-element elementor-element-3ea4cff e-grid e-con-boxed e-con e-child\" data-id=\"3ea4cff\" data-element_type=\"container\" data-e-type=\"container\">\n\t\t\t\t\t<div class=\"e-con-inner\">\n\t\t\t\t<div class=\"elementor-element elementor-element-690dbbc elementor-icon-list--layout-traditional elementor-list-item-link-full_width elementor-widget elementor-widget-icon-list\" data-id=\"690dbbc\" data-element_type=\"widget\" data-e-type=\"widget\" data-widget_type=\"icon-list.default\">\n\t\t\t\t<div class=\"elementor-widget-container\">\n\t\t\t\t\t\t\t<ul class=\"elementor-icon-list-items\">\n\t\t\t\t\t\t\t<li class=\"elementor-icon-list-item\">\n\t\t\t\t\t\t\t\t\t\t\t<span class=\"elementor-icon-list-icon\">\n\t\t\t\t\t\t\t<svg aria-hidden=\"true\" class=\"e-font-icon-svg e-fas-check-circle\" viewbox=\"0 0 512 512\" xmlns=\"http:\/\/www.w3.org\/2000\/svg\"><path d=\"M504 256c0 136.967-111.033 248-248 248S8 392.967 8 256 119.033 8 256 8s248 111.033 248 248zM227.314 387.314l184-184c6.248-6.248 6.248-16.379 0-22.627l-22.627-22.627c-6.248-6.249-16.379-6.249-22.628 0L216 308.118l-70.059-70.059c-6.248-6.248-16.379-6.248-22.628 0l-22.627 22.627c-6.248 6.248-6.248 16.379 0 22.627l104 104c6.249 6.249 16.379 6.249 22.628.001z\"><\/path><\/svg>\t\t\t\t\t\t<\/span>\n\t\t\t\t\t\t\t\t\t\t<span class=\"elementor-icon-list-text\">Implementing industrial data communication in a more open and secure manner by creating secure bridges between different network levels.<\/span>\n\t\t\t\t\t\t\t\t\t<\/li>\n\t\t\t\t\t\t\t\t<li class=\"elementor-icon-list-item\">\n\t\t\t\t\t\t\t\t\t\t\t<span class=\"elementor-icon-list-icon\">\n\t\t\t\t\t\t\t<svg aria-hidden=\"true\" class=\"e-font-icon-svg e-fas-check-circle\" viewbox=\"0 0 512 512\" xmlns=\"http:\/\/www.w3.org\/2000\/svg\"><path d=\"M504 256c0 136.967-111.033 248-248 248S8 392.967 8 256 119.033 8 256 8s248 111.033 248 248zM227.314 387.314l184-184c6.248-6.248 6.248-16.379 0-22.627l-22.627-22.627c-6.248-6.249-16.379-6.249-22.628 0L216 308.118l-70.059-70.059c-6.248-6.248-16.379-6.248-22.628 0l-22.627 22.627c-6.248 6.248-6.248 16.379 0 22.627l104 104c6.249 6.249 16.379 6.249 22.628.001z\"><\/path><\/svg>\t\t\t\t\t\t<\/span>\n\t\t\t\t\t\t\t\t\t\t<span class=\"elementor-icon-list-text\">Securing and maximizing facility availability by proactively monitoring and managing network components.<\/span>\n\t\t\t\t\t\t\t\t\t<\/li>\n\t\t\t\t\t\t\t\t<li class=\"elementor-icon-list-item\">\n\t\t\t\t\t\t\t\t\t\t\t<span class=\"elementor-icon-list-icon\">\n\t\t\t\t\t\t\t<svg aria-hidden=\"true\" class=\"e-font-icon-svg e-fas-check-circle\" viewbox=\"0 0 512 512\" xmlns=\"http:\/\/www.w3.org\/2000\/svg\"><path d=\"M504 256c0 136.967-111.033 248-248 248S8 392.967 8 256 119.033 8 256 8s248 111.033 248 248zM227.314 387.314l184-184c6.248-6.248 6.248-16.379 0-22.627l-22.627-22.627c-6.248-6.249-16.379-6.249-22.628 0L216 308.118l-70.059-70.059c-6.248-6.248-16.379-6.248-22.628 0l-22.627 22.627c-6.248 6.248-6.248 16.379 0 22.627l104 104c6.249 6.249 16.379 6.249 22.628.001z\"><\/path><\/svg>\t\t\t\t\t\t<\/span>\n\t\t\t\t\t\t\t\t\t\t<span class=\"elementor-icon-list-text\">Enabling more efficient maintenance through predictive analysis of machine networks and critical components.<\/span>\n\t\t\t\t\t\t\t\t\t<\/li>\n\t\t\t\t\t\t<\/ul>\n\t\t\t\t\t\t<\/div>\n\t\t\t\t<\/div>\n\t\t\t\t<div class=\"elementor-element elementor-element-4804883 elementor-widget elementor-widget-image\" data-id=\"4804883\" data-element_type=\"widget\" data-e-type=\"widget\" data-widget_type=\"image.default\">\n\t\t\t\t<div class=\"elementor-widget-container\">\n\t\t\t\t\t\t\t\t\t\t\t\t\t\t\t<img loading=\"lazy\" decoding=\"async\" width=\"225\" height=\"225\" src=\"https:\/\/lindhautomation.com\/wp-content\/uploads\/2024\/03\/download.png\" class=\"attachment-large size-large wp-image-8\" alt=\"\" srcset=\"https:\/\/lindhautomation.com\/wp-content\/uploads\/2024\/03\/download.png 225w, https:\/\/lindhautomation.com\/wp-content\/uploads\/2024\/03\/download-100x100.png 100w, https:\/\/lindhautomation.com\/wp-content\/uploads\/2024\/03\/download-150x150.png 150w\" sizes=\"(max-width: 225px) 100vw, 225px\" \/>\t\t\t\t\t\t\t\t\t\t\t\t\t\t\t<\/div>\n\t\t\t\t<\/div>\n\t\t\t\t\t<\/div>\n\t\t\t\t<\/div>\n\t\t\t\t<div class=\"elementor-element elementor-element-4d8478d elementor-align-center elementor-widget elementor-widget-button\" data-id=\"4d8478d\" data-element_type=\"widget\" data-e-type=\"widget\" data-widget_type=\"button.default\">\n\t\t\t\t<div class=\"elementor-widget-container\">\n\t\t\t\t\t\t\t\t\t<div class=\"elementor-button-wrapper\">\n\t\t\t\t\t<a class=\"elementor-button elementor-button-link elementor-size-sm\" href=\"\/en\/kontakt\/\">\n\t\t\t\t\t\t<span class=\"elementor-button-content-wrapper\">\n\t\t\t\t\t\t\t\t\t<span class=\"elementor-button-text\">Contact Us Today!<\/span>\n\t\t\t\t\t<\/span>\n\t\t\t\t\t<\/a>\n\t\t\t\t<\/div>\n\t\t\t\t\t\t\t\t<\/div>\n\t\t\t\t<\/div>\n\t\t\t\t<\/div>\n\t\t\t\t\t<\/div>\n\t\t\t\t<\/div>\n\t\t<div class=\"elementor-element elementor-element-8129313 e-flex e-con-boxed e-con e-parent\" data-id=\"8129313\" data-element_type=\"container\" data-e-type=\"container\">\n\t\t\t\t\t<div class=\"e-con-inner\">\n\t\t\t\t<div class=\"elementor-element elementor-element-e0587b9 elementor-widget elementor-widget-video\" data-id=\"e0587b9\" data-element_type=\"widget\" data-e-type=\"widget\" data-settings=\"{&quot;youtube_url&quot;:&quot;https:\\\/\\\/youtu.be\\\/lLwsUoSgwPA&quot;,&quot;video_type&quot;:&quot;youtube&quot;,&quot;controls&quot;:&quot;yes&quot;}\" data-widget_type=\"video.default\">\n\t\t\t\t<div class=\"elementor-widget-container\">\n\t\t\t\t\t\t\t<div class=\"elementor-wrapper elementor-open-inline\">\n\t\t\t<div class=\"elementor-video\"><\/div>\t\t<\/div>\n\t\t\t\t\t\t<\/div>\n\t\t\t\t<\/div>\n\t\t\t\t\t<\/div>\n\t\t\t\t<\/div>\n\t\t\t\t<\/div>","protected":false},"excerpt":{"rendered":"<p>V\u00e4lkommenLindh Automation \u00e4r Specialister inom Industriella N\u00e4tverk och AutomationSe v\u00e5ra produkter h\u00e4rUndvik driftstoppStabil och p\u00e5litlig drift \u00e4r en topprioritet f\u00f6r alla industriella anl\u00e4ggningar. L\u00e4s merFels\u00f6kningV\u00e5rt erfarna m\u00e4t- och service-team kan hj\u00e4lpa dig med fels\u00f6kning, utbildning och underh\u00e5llL\u00e4s mer Kompetenspartnern f\u00f6r industriell kommunikation Oavsett om det g\u00e4ller styrning av enskilda maskiner eller komplexa processer i produktion [&hellip;]<\/p>\n","protected":false},"author":2,"featured_media":0,"parent":0,"menu_order":0,"comment_status":"closed","ping_status":"closed","template":"","meta":{"site-sidebar-layout":"no-sidebar","site-content-layout":"page-builder","ast-site-content-layout":"full-width-container","site-content-style":"default","site-sidebar-style":"default","ast-global-header-display":"","ast-banner-title-visibility":"","ast-main-header-display":"","ast-hfb-above-header-display":"","ast-hfb-below-header-display":"","ast-hfb-mobile-header-display":"","site-post-title":"disabled","ast-breadcrumbs-content":"","ast-featured-img":"disabled","footer-sml-layout":"","ast-disable-related-posts":"","theme-transparent-header-meta":"","adv-header-id-meta":"","stick-header-meta":"","header-above-stick-meta":"","header-main-stick-meta":"","header-below-stick-meta":"","astra-migrate-meta-layouts":"set","ast-page-background-enabled":"default","ast-page-background-meta":{"desktop":{"background-color":"var(--ast-global-color-4)","background-image":"","background-repeat":"repeat","background-position":"center center","background-size":"auto","background-attachment":"scroll","background-type":"","background-media":"","overlay-type":"","overlay-color":"","overlay-opacity":"","overlay-gradient":""},"tablet":{"background-color":"","background-image":"","background-repeat":"repeat","background-position":"center center","background-size":"auto","background-attachment":"scroll","background-type":"","background-media":"","overlay-type":"","overlay-color":"","overlay-opacity":"","overlay-gradient":""},"mobile":{"background-color":"","background-image":"","background-repeat":"repeat","background-position":"center center","background-size":"auto","background-attachment":"scroll","background-type":"","background-media":"","overlay-type":"","overlay-color":"","overlay-opacity":"","overlay-gradient":""}},"ast-content-background-meta":{"desktop":{"background-color":"var(--ast-global-color-5)","background-image":"","background-repeat":"repeat","background-position":"center center","background-size":"auto","background-attachment":"scroll","background-type":"","background-media":"","overlay-type":"","overlay-color":"","overlay-opacity":"","overlay-gradient":""},"tablet":{"background-color":"var(--ast-global-color-5)","background-image":"","background-repeat":"repeat","background-position":"center center","background-size":"auto","background-attachment":"scroll","background-type":"","background-media":"","overlay-type":"","overlay-color":"","overlay-opacity":"","overlay-gradient":""},"mobile":{"background-color":"var(--ast-global-color-5)","background-image":"","background-repeat":"repeat","background-position":"center center","background-size":"auto","background-attachment":"scroll","background-type":"","background-media":"","overlay-type":"","overlay-color":"","overlay-opacity":"","overlay-gradient":""}},"footnotes":""},"class_list":["post-2940","page","type-page","status-publish","hentry"],"_links":{"self":[{"href":"https:\/\/lindhautomation.com\/en\/wp-json\/wp\/v2\/pages\/2940","targetHints":{"allow":["GET"]}}],"collection":[{"href":"https:\/\/lindhautomation.com\/en\/wp-json\/wp\/v2\/pages"}],"about":[{"href":"https:\/\/lindhautomation.com\/en\/wp-json\/wp\/v2\/types\/page"}],"author":[{"embeddable":true,"href":"https:\/\/lindhautomation.com\/en\/wp-json\/wp\/v2\/users\/2"}],"replies":[{"embeddable":true,"href":"https:\/\/lindhautomation.com\/en\/wp-json\/wp\/v2\/comments?post=2940"}],"version-history":[{"count":103,"href":"https:\/\/lindhautomation.com\/en\/wp-json\/wp\/v2\/pages\/2940\/revisions"}],"predecessor-version":[{"id":3268,"href":"https:\/\/lindhautomation.com\/en\/wp-json\/wp\/v2\/pages\/2940\/revisions\/3268"}],"wp:attachment":[{"href":"https:\/\/lindhautomation.com\/en\/wp-json\/wp\/v2\/media?parent=2940"}],"curies":[{"name":"wp","href":"https:\/\/api.w.org\/{rel}","templated":true}]}}