{"id":1460,"date":"2024-03-08T15:14:26","date_gmt":"2024-03-08T14:14:26","guid":{"rendered":"https:\/\/lindhautomation.com\/?page_id=1460"},"modified":"2024-06-12T15:47:31","modified_gmt":"2024-06-12T13:47:31","slug":"nyheter","status":"publish","type":"page","link":"https:\/\/lindhautomation.com\/en\/nyheter\/","title":{"rendered":"News"},"content":{"rendered":"<div data-elementor-type=\"wp-page\" data-elementor-id=\"1460\" class=\"elementor elementor-1460\" data-elementor-post-type=\"page\">\n\t\t\t\t<div class=\"elementor-element elementor-element-f3c57e e-flex e-con-boxed e-con e-parent\" data-id=\"f3c57e\" data-element_type=\"container\" data-e-type=\"container\" data-settings=\"{&quot;background_background&quot;:&quot;classic&quot;}\">\n\t\t\t\t\t<div class=\"e-con-inner\">\n\t\t\t\t\t<\/div>\n\t\t\t\t<\/div>\n\t\t<div class=\"elementor-element elementor-element-3af084a9 e-flex e-con-boxed e-con e-parent\" data-id=\"3af084a9\" data-element_type=\"container\" data-e-type=\"container\" data-settings=\"{&quot;background_background&quot;:&quot;classic&quot;}\">\n\t\t\t\t\t<div class=\"e-con-inner\">\n\t\t<div class=\"elementor-element elementor-element-7fc39446 e-con-full e-flex e-con e-child\" data-id=\"7fc39446\" data-element_type=\"container\" data-e-type=\"container\">\n\t\t\t\t<div class=\"elementor-element elementor-element-441963c5 elementor-widget elementor-widget-heading\" data-id=\"441963c5\" data-element_type=\"widget\" data-e-type=\"widget\" data-widget_type=\"heading.default\">\n\t\t\t\t<div class=\"elementor-widget-container\">\n\t\t\t\t\t<h2 class=\"elementor-heading-title elementor-size-default\">Read our news<\/h2>\t\t\t\t<\/div>\n\t\t\t\t<\/div>\n\t\t\t\t<div class=\"elementor-element elementor-element-572abc9d elementor-widget-divider--view-line elementor-widget elementor-widget-divider\" data-id=\"572abc9d\" data-element_type=\"widget\" data-e-type=\"widget\" data-widget_type=\"divider.default\">\n\t\t\t\t<div class=\"elementor-widget-container\">\n\t\t\t\t\t\t\t<div class=\"elementor-divider\">\n\t\t\t<span class=\"elementor-divider-separator\">\n\t\t\t\t\t\t<\/span>\n\t\t<\/div>\n\t\t\t\t\t\t<\/div>\n\t\t\t\t<\/div>\n\t\t\t\t<div class=\"elementor-element elementor-element-8f4cd64 elementor-grid-3 elementor-grid-tablet-2 elementor-grid-mobile-1 elementor-posts--thumbnail-top elementor-card-shadow-yes elementor-posts__hover-gradient elementor-widget elementor-widget-posts\" data-id=\"8f4cd64\" data-element_type=\"widget\" data-e-type=\"widget\" data-settings=\"{&quot;cards_columns&quot;:&quot;3&quot;,&quot;cards_columns_tablet&quot;:&quot;2&quot;,&quot;cards_columns_mobile&quot;:&quot;1&quot;,&quot;cards_row_gap&quot;:{&quot;unit&quot;:&quot;px&quot;,&quot;size&quot;:35,&quot;sizes&quot;:[]},&quot;cards_row_gap_tablet&quot;:{&quot;unit&quot;:&quot;px&quot;,&quot;size&quot;:&quot;&quot;,&quot;sizes&quot;:[]},&quot;cards_row_gap_mobile&quot;:{&quot;unit&quot;:&quot;px&quot;,&quot;size&quot;:&quot;&quot;,&quot;sizes&quot;:[]}}\" data-widget_type=\"posts.cards\">\n\t\t\t\t<div class=\"elementor-widget-container\">\n\t\t\t\t\t\t\t<div class=\"elementor-posts-container elementor-posts elementor-posts--skin-cards elementor-grid\" role=\"list\">\n\t\t\t\t<article class=\"elementor-post elementor-grid-item post-4152 post type-post status-publish format-standard has-post-thumbnail hentry category-allmant\" role=\"listitem\">\n\t\t\t<div class=\"elementor-post__card\">\n\t\t\t\t<a class=\"elementor-post__thumbnail__link\" href=\"https:\/\/lindhautomation.com\/en\/want-to-optimize-and-future-proof-your-automated-production-use-profinet-as-a-network\/\" tabindex=\"-1\"><div class=\"elementor-post__thumbnail\"><img decoding=\"async\" width=\"300\" height=\"104\" src=\"https:\/\/lindhautomation.com\/wp-content\/uploads\/2024\/05\/Home-Page-3-300x104.png\" class=\"attachment-medium size-medium wp-image-3196\" alt=\"\" srcset=\"https:\/\/lindhautomation.com\/wp-content\/uploads\/2024\/05\/Home-Page-3-300x104.png 300w, https:\/\/lindhautomation.com\/wp-content\/uploads\/2024\/05\/Home-Page-3-1024x356.png 1024w, https:\/\/lindhautomation.com\/wp-content\/uploads\/2024\/05\/Home-Page-3-768x267.png 768w, https:\/\/lindhautomation.com\/wp-content\/uploads\/2024\/05\/Home-Page-3-18x6.png 18w, https:\/\/lindhautomation.com\/wp-content\/uploads\/2024\/05\/Home-Page-3-600x208.png 600w, https:\/\/lindhautomation.com\/wp-content\/uploads\/2024\/05\/Home-Page-3.png 1500w\" sizes=\"(max-width: 300px) 100vw, 300px\" \/><\/div><\/a>\n\t\t\t\t<div class=\"elementor-post__badge\">Allm\u00e4nt<\/div>\n\t\t\t\t<div class=\"elementor-post__text\">\n\t\t\t\t<h3 class=\"elementor-post__title\">\n\t\t\t<a href=\"https:\/\/lindhautomation.com\/en\/want-to-optimize-and-future-proof-your-automated-production-use-profinet-as-a-network\/\">\n\t\t\t\tWant to optimize and future-proof your automated production ? Use PROFINET as a network\t\t\t<\/a>\n\t\t<\/h3>\n\t\t\t\t<div class=\"elementor-post__excerpt\">\n\t\t\t<p>It\u2019s an exciting time for the world of automated production. The recent wave of innovation in machine learning and artificial intelligence is enabling new digital<\/p>\n\t\t<\/div>\n\t\t\n\t\t<a class=\"elementor-post__read-more\" href=\"https:\/\/lindhautomation.com\/en\/want-to-optimize-and-future-proof-your-automated-production-use-profinet-as-a-network\/\" aria-label=\"Read more about Want to optimize and future-proof your automated production ? Use PROFINET as a network\" tabindex=\"-1\">\n\t\t\tL\u00e4s mer \u00bb\t\t<\/a>\n\n\t\t\t\t<\/div>\n\t\t\t\t<div class=\"elementor-post__meta-data\">\n\t\t\t\t\t<span class=\"elementor-post-date\">\n\t\t\t2025-12-18\t\t<\/span>\n\t\t\t\t<\/div>\n\t\t\t\t\t<\/div>\n\t\t<\/article>\n\t\t\t\t<article class=\"elementor-post elementor-grid-item post-4130 post type-post status-publish format-standard has-post-thumbnail hentry category-allmant\" role=\"listitem\">\n\t\t\t<div class=\"elementor-post__card\">\n\t\t\t\t<a class=\"elementor-post__thumbnail__link\" href=\"https:\/\/lindhautomation.com\/en\/news-understanding-profinet-agent-in-action\/\" tabindex=\"-1\"><div class=\"elementor-post__thumbnail\"><img fetchpriority=\"high\" decoding=\"async\" width=\"300\" height=\"200\" src=\"https:\/\/lindhautomation.com\/wp-content\/uploads\/2025\/10\/ind064_Bild1c-300x200.jpg\" class=\"attachment-medium size-medium wp-image-4143\" alt=\"\" srcset=\"https:\/\/lindhautomation.com\/wp-content\/uploads\/2025\/10\/ind064_Bild1c-300x200.jpg 300w, https:\/\/lindhautomation.com\/wp-content\/uploads\/2025\/10\/ind064_Bild1c-1024x683.jpg 1024w, https:\/\/lindhautomation.com\/wp-content\/uploads\/2025\/10\/ind064_Bild1c-768x512.jpg 768w, https:\/\/lindhautomation.com\/wp-content\/uploads\/2025\/10\/ind064_Bild1c-1536x1024.jpg 1536w, https:\/\/lindhautomation.com\/wp-content\/uploads\/2025\/10\/ind064_Bild1c-18x12.jpg 18w, https:\/\/lindhautomation.com\/wp-content\/uploads\/2025\/10\/ind064_Bild1c-600x400.jpg 600w, https:\/\/lindhautomation.com\/wp-content\/uploads\/2025\/10\/ind064_Bild1c.jpg 2048w\" sizes=\"(max-width: 300px) 100vw, 300px\" \/><\/div><\/a>\n\t\t\t\t<div class=\"elementor-post__badge\">Allm\u00e4nt<\/div>\n\t\t\t\t<div class=\"elementor-post__text\">\n\t\t\t\t<h3 class=\"elementor-post__title\">\n\t\t\t<a href=\"https:\/\/lindhautomation.com\/en\/news-understanding-profinet-agent-in-action\/\">\n\t\t\t\tUnderstanding the PROFINET Agent in action\t\t\t<\/a>\n\t\t<\/h3>\n\t\t\t\t<div class=\"elementor-post__excerpt\">\n\t\t\t<p>This summer, Indu-Sol released a new weapon in the fight to keep the commissioning phases of automation networks on time and under budget. The PROFINET<\/p>\n\t\t<\/div>\n\t\t\n\t\t<a class=\"elementor-post__read-more\" href=\"https:\/\/lindhautomation.com\/en\/news-understanding-profinet-agent-in-action\/\" aria-label=\"Read more about Understanding the PROFINET Agent in action\" tabindex=\"-1\">\n\t\t\tL\u00e4s mer \u00bb\t\t<\/a>\n\n\t\t\t\t<\/div>\n\t\t\t\t<div class=\"elementor-post__meta-data\">\n\t\t\t\t\t<span class=\"elementor-post-date\">\n\t\t\t2025-10-28\t\t<\/span>\n\t\t\t\t<\/div>\n\t\t\t\t\t<\/div>\n\t\t<\/article>\n\t\t\t\t<article class=\"elementor-post elementor-grid-item post-4120 post type-post status-publish format-standard has-post-thumbnail hentry category-allmant\" role=\"listitem\">\n\t\t\t<div class=\"elementor-post__card\">\n\t\t\t\t<a class=\"elementor-post__thumbnail__link\" href=\"https:\/\/lindhautomation.com\/en\/spara-tid-och-pengar-vid-driftsattning-med-profinet-agent\/\" tabindex=\"-1\"><div class=\"elementor-post__thumbnail\"><img decoding=\"async\" width=\"300\" height=\"157\" src=\"https:\/\/lindhautomation.com\/wp-content\/uploads\/2025\/09\/Agent-Blond-Web-image-1-300x157.png\" class=\"attachment-medium size-medium wp-image-4127\" alt=\"\" srcset=\"https:\/\/lindhautomation.com\/wp-content\/uploads\/2025\/09\/Agent-Blond-Web-image-1-300x157.png 300w, https:\/\/lindhautomation.com\/wp-content\/uploads\/2025\/09\/Agent-Blond-Web-image-1-1024x536.png 1024w, https:\/\/lindhautomation.com\/wp-content\/uploads\/2025\/09\/Agent-Blond-Web-image-1-768x402.png 768w, https:\/\/lindhautomation.com\/wp-content\/uploads\/2025\/09\/Agent-Blond-Web-image-1-18x9.png 18w, https:\/\/lindhautomation.com\/wp-content\/uploads\/2025\/09\/Agent-Blond-Web-image-1-600x314.png 600w, https:\/\/lindhautomation.com\/wp-content\/uploads\/2025\/09\/Agent-Blond-Web-image-1.png 1200w\" sizes=\"(max-width: 300px) 100vw, 300px\" \/><\/div><\/a>\n\t\t\t\t<div class=\"elementor-post__badge\">Allm\u00e4nt<\/div>\n\t\t\t\t<div class=\"elementor-post__text\">\n\t\t\t\t<h3 class=\"elementor-post__title\">\n\t\t\t<a href=\"https:\/\/lindhautomation.com\/en\/spara-tid-och-pengar-vid-driftsattning-med-profinet-agent\/\">\n\t\t\t\tIndu-Sol\u2019s PROFINET agent cuts commissioning times and costs\t\t\t<\/a>\n\t\t<\/h3>\n\t\t\t\t<div class=\"elementor-post__excerpt\">\n\t\t\t<p>Namnet \u00e4r Blond \u2013 Indu-Sols nya agent sparar tid och pengar vid drifts\u00e4ttning&nbsp; Jobbar du med att utveckla maskiner och automationsl\u00f6sningar? D\u00e5 vet du vilken<\/p>\n\t\t<\/div>\n\t\t\n\t\t<a class=\"elementor-post__read-more\" href=\"https:\/\/lindhautomation.com\/en\/spara-tid-och-pengar-vid-driftsattning-med-profinet-agent\/\" aria-label=\"Read more about Spara tid och pengar vid drifts\u00e4ttning med PROFINET Agent\" tabindex=\"-1\">\n\t\t\tL\u00e4s mer \u00bb\t\t<\/a>\n\n\t\t\t\t<\/div>\n\t\t\t\t<div class=\"elementor-post__meta-data\">\n\t\t\t\t\t<span class=\"elementor-post-date\">\n\t\t\t2025-09-29\t\t<\/span>\n\t\t\t\t<\/div>\n\t\t\t\t\t<\/div>\n\t\t<\/article>\n\t\t\t\t<article class=\"elementor-post elementor-grid-item post-4101 post type-post status-publish format-standard has-post-thumbnail hentry category-allmant\" role=\"listitem\">\n\t\t\t<div class=\"elementor-post__card\">\n\t\t\t\t<a class=\"elementor-post__thumbnail__link\" href=\"https:\/\/lindhautomation.com\/en\/vardet-av-repetition-darfor-behovs-repeaters-i-profibus-natverk\/\" tabindex=\"-1\"><div class=\"elementor-post__thumbnail\"><img loading=\"lazy\" decoding=\"async\" width=\"300\" height=\"153\" src=\"https:\/\/lindhautomation.com\/wp-content\/uploads\/2025\/07\/Repeaters-2-300x153.png\" class=\"attachment-medium size-medium wp-image-4108\" alt=\"\" srcset=\"https:\/\/lindhautomation.com\/wp-content\/uploads\/2025\/07\/Repeaters-2-300x153.png 300w, https:\/\/lindhautomation.com\/wp-content\/uploads\/2025\/07\/Repeaters-2-768x390.png 768w, https:\/\/lindhautomation.com\/wp-content\/uploads\/2025\/07\/Repeaters-2-18x9.png 18w, https:\/\/lindhautomation.com\/wp-content\/uploads\/2025\/07\/Repeaters-2-600x305.png 600w, https:\/\/lindhautomation.com\/wp-content\/uploads\/2025\/07\/Repeaters-2.png 946w\" sizes=\"(max-width: 300px) 100vw, 300px\" \/><\/div><\/a>\n\t\t\t\t<div class=\"elementor-post__badge\">Allm\u00e4nt<\/div>\n\t\t\t\t<div class=\"elementor-post__text\">\n\t\t\t\t<h3 class=\"elementor-post__title\">\n\t\t\t<a href=\"https:\/\/lindhautomation.com\/en\/vardet-av-repetition-darfor-behovs-repeaters-i-profibus-natverk\/\">\n\t\t\t\tOn repeat: the continuing value of repeaters for PROFIBUS networks\t\t\t<\/a>\n\t\t<\/h3>\n\t\t\t\t<div class=\"elementor-post__excerpt\">\n\t\t\t<p>Repeaters \u00e4r oumb\u00e4rliga verktyg f\u00f6r att s\u00e4kra ett v\u00e4lfungerande PROFIBUS-n\u00e4tverk. Deras uppgift \u00e4r att ta emot och skicka vidare datakommunikation, samtidigt som de f\u00f6rst\u00e4rker signalen<\/p>\n\t\t<\/div>\n\t\t\n\t\t<a class=\"elementor-post__read-more\" href=\"https:\/\/lindhautomation.com\/en\/vardet-av-repetition-darfor-behovs-repeaters-i-profibus-natverk\/\" aria-label=\"Read more about V\u00e4rdet av repetition: d\u00e4rf\u00f6r beh\u00f6vs repeaters i PROFIBUS-n\u00e4tverk\" tabindex=\"-1\">\n\t\t\tL\u00e4s mer \u00bb\t\t<\/a>\n\n\t\t\t\t<\/div>\n\t\t\t\t<div class=\"elementor-post__meta-data\">\n\t\t\t\t\t<span class=\"elementor-post-date\">\n\t\t\t2025-07-09\t\t<\/span>\n\t\t\t\t<\/div>\n\t\t\t\t\t<\/div>\n\t\t<\/article>\n\t\t\t\t<article class=\"elementor-post elementor-grid-item post-4062 post type-post status-publish format-standard has-post-thumbnail hentry category-allmant\" role=\"listitem\">\n\t\t\t<div class=\"elementor-post__card\">\n\t\t\t\t<a class=\"elementor-post__thumbnail__link\" href=\"https:\/\/lindhautomation.com\/en\/hur-mar-ert-ot-natverk-har-ar-parametrarna-att-halla-koll-pa\/\" tabindex=\"-1\"><div class=\"elementor-post__thumbnail\"><img loading=\"lazy\" decoding=\"async\" width=\"300\" height=\"157\" src=\"https:\/\/lindhautomation.com\/wp-content\/uploads\/2025\/05\/De-viktigaste-matten-pa-halsan-i-ett-OT-natverk-300x157.png\" class=\"attachment-medium size-medium wp-image-4063\" alt=\"\" srcset=\"https:\/\/lindhautomation.com\/wp-content\/uploads\/2025\/05\/De-viktigaste-matten-pa-halsan-i-ett-OT-natverk-300x157.png 300w, https:\/\/lindhautomation.com\/wp-content\/uploads\/2025\/05\/De-viktigaste-matten-pa-halsan-i-ett-OT-natverk-1024x536.png 1024w, https:\/\/lindhautomation.com\/wp-content\/uploads\/2025\/05\/De-viktigaste-matten-pa-halsan-i-ett-OT-natverk-768x402.png 768w, https:\/\/lindhautomation.com\/wp-content\/uploads\/2025\/05\/De-viktigaste-matten-pa-halsan-i-ett-OT-natverk-18x9.png 18w, https:\/\/lindhautomation.com\/wp-content\/uploads\/2025\/05\/De-viktigaste-matten-pa-halsan-i-ett-OT-natverk-600x314.png 600w, https:\/\/lindhautomation.com\/wp-content\/uploads\/2025\/05\/De-viktigaste-matten-pa-halsan-i-ett-OT-natverk.png 1200w\" sizes=\"(max-width: 300px) 100vw, 300px\" \/><\/div><\/a>\n\t\t\t\t<div class=\"elementor-post__badge\">Allm\u00e4nt<\/div>\n\t\t\t\t<div class=\"elementor-post__text\">\n\t\t\t\t<h3 class=\"elementor-post__title\">\n\t\t\t<a href=\"https:\/\/lindhautomation.com\/en\/hur-mar-ert-ot-natverk-har-ar-parametrarna-att-halla-koll-pa\/\">\n\t\t\t\tWant to track the health of your OT network? Monitor these parameters\u00a0\t\t\t<\/a>\n\t\t<\/h3>\n\t\t\t\t<div class=\"elementor-post__excerpt\">\n\t\t\t<p>Det h\u00e4nder alldeles f\u00f6r ofta att problem i industriella n\u00e4tverk inte uppt\u00e4cks i tid. P\u00e5 m\u00e5nga produktionsanl\u00e4ggningar v\u00e4ntar man tills n\u00e5got g\u00e5tt snett innan man<\/p>\n\t\t<\/div>\n\t\t\n\t\t<a class=\"elementor-post__read-more\" href=\"https:\/\/lindhautomation.com\/en\/hur-mar-ert-ot-natverk-har-ar-parametrarna-att-halla-koll-pa\/\" aria-label=\"Read more about Hur m\u00e5r ert OT-n\u00e4tverk? H\u00e4r \u00e4r parametrarna att h\u00e5lla koll p\u00e5\u00a0\" tabindex=\"-1\">\n\t\t\tL\u00e4s mer \u00bb\t\t<\/a>\n\n\t\t\t\t<\/div>\n\t\t\t\t<div class=\"elementor-post__meta-data\">\n\t\t\t\t\t<span class=\"elementor-post-date\">\n\t\t\t2025-05-16\t\t<\/span>\n\t\t\t\t<\/div>\n\t\t\t\t\t<\/div>\n\t\t<\/article>\n\t\t\t\t<article class=\"elementor-post elementor-grid-item post-4040 post type-post status-publish format-standard has-post-thumbnail hentry category-allmant\" role=\"listitem\">\n\t\t\t<div class=\"elementor-post__card\">\n\t\t\t\t<a class=\"elementor-post__thumbnail__link\" href=\"https:\/\/lindhautomation.com\/en\/darfor-ar-det-sa-viktigt-att-mata-kvaliteten-i-automationsnatverk\/\" tabindex=\"-1\"><div class=\"elementor-post__thumbnail\"><img loading=\"lazy\" decoding=\"async\" width=\"300\" height=\"157\" src=\"https:\/\/lindhautomation.com\/wp-content\/uploads\/2025\/03\/mata-kvaliteten-i-automationsnatverk--300x157.jpg\" class=\"attachment-medium size-medium wp-image-4042\" alt=\"\" srcset=\"https:\/\/lindhautomation.com\/wp-content\/uploads\/2025\/03\/mata-kvaliteten-i-automationsnatverk--300x157.jpg 300w, https:\/\/lindhautomation.com\/wp-content\/uploads\/2025\/03\/mata-kvaliteten-i-automationsnatverk--1024x536.jpg 1024w, https:\/\/lindhautomation.com\/wp-content\/uploads\/2025\/03\/mata-kvaliteten-i-automationsnatverk--768x402.jpg 768w, https:\/\/lindhautomation.com\/wp-content\/uploads\/2025\/03\/mata-kvaliteten-i-automationsnatverk--18x9.jpg 18w, https:\/\/lindhautomation.com\/wp-content\/uploads\/2025\/03\/mata-kvaliteten-i-automationsnatverk--600x314.jpg 600w, https:\/\/lindhautomation.com\/wp-content\/uploads\/2025\/03\/mata-kvaliteten-i-automationsnatverk-.jpg 1200w\" sizes=\"(max-width: 300px) 100vw, 300px\" \/><\/div><\/a>\n\t\t\t\t<div class=\"elementor-post__badge\">Allm\u00e4nt<\/div>\n\t\t\t\t<div class=\"elementor-post__text\">\n\t\t\t\t<h3 class=\"elementor-post__title\">\n\t\t\t<a href=\"https:\/\/lindhautomation.com\/en\/darfor-ar-det-sa-viktigt-att-mata-kvaliteten-i-automationsnatverk\/\">\n\t\t\t\tWhy it's so important to measure the quality of automation networks\t\t\t<\/a>\n\t\t<\/h3>\n\t\t\t\t<div class=\"elementor-post__excerpt\">\n\t\t\t<p>Inom ramen f\u00f6r Industri 4.0 pratas det mycket om \u00f6vervakning f\u00f6r att kunna g\u00f6ra preventivt underh\u00e5ll. Det kan t.ex. vara att man m\u00e4ter temperatur eller<\/p>\n\t\t<\/div>\n\t\t\n\t\t<a class=\"elementor-post__read-more\" href=\"https:\/\/lindhautomation.com\/en\/darfor-ar-det-sa-viktigt-att-mata-kvaliteten-i-automationsnatverk\/\" aria-label=\"Read more about D\u00e4rf\u00f6r \u00e4r det s\u00e5 viktigt att m\u00e4ta kvaliteten i automationsn\u00e4tverk\" tabindex=\"-1\">\n\t\t\tL\u00e4s mer \u00bb\t\t<\/a>\n\n\t\t\t\t<\/div>\n\t\t\t\t<div class=\"elementor-post__meta-data\">\n\t\t\t\t\t<span class=\"elementor-post-date\">\n\t\t\t2025-03-31\t\t<\/span>\n\t\t\t\t<\/div>\n\t\t\t\t\t<\/div>\n\t\t<\/article>\n\t\t\t\t<\/div>\n\t\t\n\t\t\t\t\t\t<\/div>\n\t\t\t\t<\/div>\n\t\t\t\t<div class=\"elementor-element elementor-element-44d336fe elementor-align-center elementor-widget elementor-widget-button\" data-id=\"44d336fe\" data-element_type=\"widget\" data-e-type=\"widget\" data-widget_type=\"button.default\">\n\t\t\t\t<div class=\"elementor-widget-container\">\n\t\t\t\t\t\t\t\t\t<div class=\"elementor-button-wrapper\">\n\t\t\t\t\t<a class=\"elementor-button elementor-button-link elementor-size-sm\" href=\"\/en\/kontakt\/\">\n\t\t\t\t\t\t<span class=\"elementor-button-content-wrapper\">\n\t\t\t\t\t\t\t\t\t<span class=\"elementor-button-text\">Contact Us<\/span>\n\t\t\t\t\t<\/span>\n\t\t\t\t\t<\/a>\n\t\t\t\t<\/div>\n\t\t\t\t\t\t\t\t<\/div>\n\t\t\t\t<\/div>\n\t\t\t\t<\/div>\n\t\t\t\t\t<\/div>\n\t\t\t\t<\/div>\n\t\t\t\t<\/div>","protected":false},"excerpt":{"rendered":"<p>L\u00e4s v\u00e5ra nyheter Kontakta oss<\/p>","protected":false},"author":2,"featured_media":0,"parent":0,"menu_order":0,"comment_status":"closed","ping_status":"closed","template":"","meta":{"site-sidebar-layout":"no-sidebar","site-content-layout":"page-builder","ast-site-content-layout":"full-width-container","site-content-style":"default","site-sidebar-style":"default","ast-global-header-display":"","ast-banner-title-visibility":"","ast-main-header-display":"","ast-hfb-above-header-display":"","ast-hfb-below-header-display":"","ast-hfb-mobile-header-display":"","site-post-title":"disabled","ast-breadcrumbs-content":"","ast-featured-img":"disabled","footer-sml-layout":"","ast-disable-related-posts":"","theme-transparent-header-meta":"","adv-header-id-meta":"","stick-header-meta":"","header-above-stick-meta":"","header-main-stick-meta":"","header-below-stick-meta":"","astra-migrate-meta-layouts":"set","ast-page-background-enabled":"default","ast-page-background-meta":{"desktop":{"background-color":"var(--ast-global-color-4)","background-image":"","background-repeat":"repeat","background-position":"center center","background-size":"auto","background-attachment":"scroll","background-type":"","background-media":"","overlay-type":"","overlay-color":"","overlay-opacity":"","overlay-gradient":""},"tablet":{"background-color":"","background-image":"","background-repeat":"repeat","background-position":"center center","background-size":"auto","background-attachment":"scroll","background-type":"","background-media":"","overlay-type":"","overlay-color":"","overlay-opacity":"","overlay-gradient":""},"mobile":{"background-color":"","background-image":"","background-repeat":"repeat","background-position":"center center","background-size":"auto","background-attachment":"scroll","background-type":"","background-media":"","overlay-type":"","overlay-color":"","overlay-opacity":"","overlay-gradient":""}},"ast-content-background-meta":{"desktop":{"background-color":"var(--ast-global-color-5)","background-image":"","background-repeat":"repeat","background-position":"center center","background-size":"auto","background-attachment":"scroll","background-type":"","background-media":"","overlay-type":"","overlay-color":"","overlay-opacity":"","overlay-gradient":""},"tablet":{"background-color":"var(--ast-global-color-5)","background-image":"","background-repeat":"repeat","background-position":"center center","background-size":"auto","background-attachment":"scroll","background-type":"","background-media":"","overlay-type":"","overlay-color":"","overlay-opacity":"","overlay-gradient":""},"mobile":{"background-color":"var(--ast-global-color-5)","background-image":"","background-repeat":"repeat","background-position":"center center","background-size":"auto","background-attachment":"scroll","background-type":"","background-media":"","overlay-type":"","overlay-color":"","overlay-opacity":"","overlay-gradient":""}},"footnotes":""},"class_list":["post-1460","page","type-page","status-publish","hentry"],"_links":{"self":[{"href":"https:\/\/lindhautomation.com\/en\/wp-json\/wp\/v2\/pages\/1460","targetHints":{"allow":["GET"]}}],"collection":[{"href":"https:\/\/lindhautomation.com\/en\/wp-json\/wp\/v2\/pages"}],"about":[{"href":"https:\/\/lindhautomation.com\/en\/wp-json\/wp\/v2\/types\/page"}],"author":[{"embeddable":true,"href":"https:\/\/lindhautomation.com\/en\/wp-json\/wp\/v2\/users\/2"}],"replies":[{"embeddable":true,"href":"https:\/\/lindhautomation.com\/en\/wp-json\/wp\/v2\/comments?post=1460"}],"version-history":[{"count":22,"href":"https:\/\/lindhautomation.com\/en\/wp-json\/wp\/v2\/pages\/1460\/revisions"}],"predecessor-version":[{"id":3336,"href":"https:\/\/lindhautomation.com\/en\/wp-json\/wp\/v2\/pages\/1460\/revisions\/3336"}],"wp:attachment":[{"href":"https:\/\/lindhautomation.com\/en\/wp-json\/wp\/v2\/media?parent=1460"}],"curies":[{"name":"wp","href":"https:\/\/api.w.org\/{rel}","templated":true}]}}