{"id":1430,"date":"2024-03-08T15:10:51","date_gmt":"2024-03-08T14:10:51","guid":{"rendered":"https:\/\/lindhautomation.com\/?page_id=1430"},"modified":"2025-02-09T16:35:34","modified_gmt":"2025-02-09T15:35:34","slug":"diagnosverktyg","status":"publish","type":"page","link":"https:\/\/lindhautomation.com\/en\/diagnosverktyg\/","title":{"rendered":"Diagnostic Tools"},"content":{"rendered":"<div data-elementor-type=\"wp-page\" data-elementor-id=\"1430\" class=\"elementor elementor-1430\" data-elementor-post-type=\"page\">\n\t\t\t\t<div class=\"elementor-element elementor-element-75c62480 e-flex e-con-boxed e-con e-parent\" data-id=\"75c62480\" data-element_type=\"container\" data-e-type=\"container\" data-settings=\"{&quot;background_background&quot;:&quot;classic&quot;}\">\n\t\t\t\t\t<div class=\"e-con-inner\">\n\t\t\t\t<div class=\"elementor-element elementor-element-3085e507 elementor-widget elementor-widget-heading\" data-id=\"3085e507\" data-element_type=\"widget\" data-e-type=\"widget\" data-widget_type=\"heading.default\">\n\t\t\t\t<div class=\"elementor-widget-container\">\n\t\t\t\t\t<h1 class=\"elementor-heading-title elementor-size-default\">Diagnostic Tools<\/h1>\t\t\t\t<\/div>\n\t\t\t\t<\/div>\n\t\t\t\t\t<\/div>\n\t\t\t\t<\/div>\n\t\t<div class=\"elementor-element elementor-element-80792fd e-flex e-con-boxed e-con e-parent\" data-id=\"80792fd\" data-element_type=\"container\" data-e-type=\"container\">\n\t\t\t\t\t<div class=\"e-con-inner\">\n\t\t<div class=\"elementor-element elementor-element-68d1519 e-con-full e-flex e-con e-child\" data-id=\"68d1519\" data-element_type=\"container\" data-e-type=\"container\">\n\t\t<div class=\"elementor-element elementor-element-8c164c1 e-grid e-con-full e-con e-child\" data-id=\"8c164c1\" data-element_type=\"container\" data-e-type=\"container\">\n\t\t\t\t<div class=\"elementor-element elementor-element-b7ac0b6 elementor-widget elementor-widget-image\" data-id=\"b7ac0b6\" data-element_type=\"widget\" data-e-type=\"widget\" data-widget_type=\"image.default\">\n\t\t\t\t<div class=\"elementor-widget-container\">\n\t\t\t\t\t\t\t\t\t\t\t\t\t\t\t\t<a href=\"https:\/\/lindhautomation.com\/en\/product-category\/profinet\/\">\n\t\t\t\t\t\t\t<img fetchpriority=\"high\" decoding=\"async\" width=\"900\" height=\"373\" src=\"https:\/\/lindhautomation.com\/wp-content\/uploads\/2024\/03\/profinet-1-e1713174878666.png\" class=\"attachment-large size-large wp-image-1511\" alt=\"\" srcset=\"https:\/\/lindhautomation.com\/wp-content\/uploads\/2024\/03\/profinet-1-e1713174878666.png 900w, https:\/\/lindhautomation.com\/wp-content\/uploads\/2024\/03\/profinet-1-e1713174878666-300x124.png 300w, https:\/\/lindhautomation.com\/wp-content\/uploads\/2024\/03\/profinet-1-e1713174878666-600x249.png 600w, https:\/\/lindhautomation.com\/wp-content\/uploads\/2024\/03\/profinet-1-e1713174878666-768x318.png 768w\" sizes=\"(max-width: 900px) 100vw, 900px\" \/>\t\t\t\t\t\t\t\t<\/a>\n\t\t\t\t\t\t\t\t\t\t\t\t\t\t\t<\/div>\n\t\t\t\t<\/div>\n\t\t\t\t<div class=\"elementor-element elementor-element-8911f5d elementor-widget elementor-widget-image\" data-id=\"8911f5d\" data-element_type=\"widget\" data-e-type=\"widget\" data-widget_type=\"image.default\">\n\t\t\t\t<div class=\"elementor-widget-container\">\n\t\t\t\t\t\t\t\t\t\t\t\t\t\t\t\t<a href=\"https:\/\/lindhautomation.com\/en\/product-category\/profibus\/\">\n\t\t\t\t\t\t\t<img decoding=\"async\" width=\"1024\" height=\"542\" src=\"https:\/\/lindhautomation.com\/wp-content\/uploads\/2024\/03\/profibus-1024x542.png\" class=\"attachment-large size-large wp-image-1505\" alt=\"\" srcset=\"https:\/\/lindhautomation.com\/wp-content\/uploads\/2024\/03\/profibus-1024x542.png 1024w, https:\/\/lindhautomation.com\/wp-content\/uploads\/2024\/03\/profibus-300x159.png 300w, https:\/\/lindhautomation.com\/wp-content\/uploads\/2024\/03\/profibus-600x318.png 600w, https:\/\/lindhautomation.com\/wp-content\/uploads\/2024\/03\/profibus-768x406.png 768w, https:\/\/lindhautomation.com\/wp-content\/uploads\/2024\/03\/profibus.png 1200w\" sizes=\"(max-width: 1024px) 100vw, 1024px\" \/>\t\t\t\t\t\t\t\t<\/a>\n\t\t\t\t\t\t\t\t\t\t\t\t\t\t\t<\/div>\n\t\t\t\t<\/div>\n\t\t\t\t<div class=\"elementor-element elementor-element-4d6226e elementor-widget elementor-widget-image\" data-id=\"4d6226e\" data-element_type=\"widget\" data-e-type=\"widget\" data-widget_type=\"image.default\">\n\t\t\t\t<div class=\"elementor-widget-container\">\n\t\t\t\t\t\t\t\t\t\t\t\t\t\t\t\t<a href=\"https:\/\/lindhautomation.com\/en\/product-category\/emc\/\">\n\t\t\t\t\t\t\t<img decoding=\"async\" width=\"1024\" height=\"345\" src=\"https:\/\/lindhautomation.com\/wp-content\/uploads\/2024\/03\/EMC-e1713174896707-1024x345.png\" class=\"attachment-large size-large wp-image-1507\" alt=\"\" srcset=\"https:\/\/lindhautomation.com\/wp-content\/uploads\/2024\/03\/EMC-e1713174896707-1024x345.png 1024w, https:\/\/lindhautomation.com\/wp-content\/uploads\/2024\/03\/EMC-e1713174896707-300x101.png 300w, https:\/\/lindhautomation.com\/wp-content\/uploads\/2024\/03\/EMC-e1713174896707-600x202.png 600w, https:\/\/lindhautomation.com\/wp-content\/uploads\/2024\/03\/EMC-e1713174896707-768x258.png 768w, https:\/\/lindhautomation.com\/wp-content\/uploads\/2024\/03\/EMC-e1713174896707-1536x517.png 1536w, https:\/\/lindhautomation.com\/wp-content\/uploads\/2024\/03\/EMC-e1713174896707.png 1920w\" sizes=\"(max-width: 1024px) 100vw, 1024px\" \/>\t\t\t\t\t\t\t\t<\/a>\n\t\t\t\t\t\t\t\t\t\t\t\t\t\t\t<\/div>\n\t\t\t\t<\/div>\n\t\t\t\t<div class=\"elementor-element elementor-element-abe89ea elementor-widget elementor-widget-image\" data-id=\"abe89ea\" data-element_type=\"widget\" data-e-type=\"widget\" data-widget_type=\"image.default\">\n\t\t\t\t<div class=\"elementor-widget-container\">\n\t\t\t\t\t\t\t\t\t\t\t\t\t\t\t\t<a href=\"https:\/\/lindhautomation.com\/en\/product-category\/can\/\">\n\t\t\t\t\t\t\t<img loading=\"lazy\" decoding=\"async\" width=\"889\" height=\"358\" src=\"https:\/\/lindhautomation.com\/wp-content\/uploads\/2024\/03\/can-e1713174912468.png\" class=\"attachment-large size-large wp-image-1504\" alt=\"\" srcset=\"https:\/\/lindhautomation.com\/wp-content\/uploads\/2024\/03\/can-e1713174912468.png 889w, https:\/\/lindhautomation.com\/wp-content\/uploads\/2024\/03\/can-e1713174912468-300x121.png 300w, https:\/\/lindhautomation.com\/wp-content\/uploads\/2024\/03\/can-e1713174912468-600x242.png 600w, https:\/\/lindhautomation.com\/wp-content\/uploads\/2024\/03\/can-e1713174912468-768x309.png 768w\" sizes=\"(max-width: 889px) 100vw, 889px\" \/>\t\t\t\t\t\t\t\t<\/a>\n\t\t\t\t\t\t\t\t\t\t\t\t\t\t\t<\/div>\n\t\t\t\t<\/div>\n\t\t\t\t<div class=\"elementor-element elementor-element-6af31b1 elementor-widget elementor-widget-image\" data-id=\"6af31b1\" data-element_type=\"widget\" data-e-type=\"widget\" data-widget_type=\"image.default\">\n\t\t\t\t<div class=\"elementor-widget-container\">\n\t\t\t\t\t\t\t\t\t\t\t\t\t\t\t\t<a href=\"https:\/\/lindhautomation.com\/en\/product-category\/industrial-ethernet\/\">\n\t\t\t\t\t\t\t<img loading=\"lazy\" decoding=\"async\" width=\"1024\" height=\"259\" src=\"https:\/\/lindhautomation.com\/wp-content\/uploads\/2024\/03\/industrialethernet-e1713174593975-1024x259.png\" class=\"attachment-large size-large wp-image-1508\" alt=\"\" srcset=\"https:\/\/lindhautomation.com\/wp-content\/uploads\/2024\/03\/industrialethernet-e1713174593975-1024x259.png 1024w, https:\/\/lindhautomation.com\/wp-content\/uploads\/2024\/03\/industrialethernet-e1713174593975-300x76.png 300w, https:\/\/lindhautomation.com\/wp-content\/uploads\/2024\/03\/industrialethernet-e1713174593975-600x152.png 600w, https:\/\/lindhautomation.com\/wp-content\/uploads\/2024\/03\/industrialethernet-e1713174593975-768x194.png 768w, https:\/\/lindhautomation.com\/wp-content\/uploads\/2024\/03\/industrialethernet-e1713174593975-1536x389.png 1536w, https:\/\/lindhautomation.com\/wp-content\/uploads\/2024\/03\/industrialethernet-e1713174593975.png 1920w\" sizes=\"(max-width: 1024px) 100vw, 1024px\" \/>\t\t\t\t\t\t\t\t<\/a>\n\t\t\t\t\t\t\t\t\t\t\t\t\t\t\t<\/div>\n\t\t\t\t<\/div>\n\t\t\t\t<div class=\"elementor-element elementor-element-6b44935 elementor-widget elementor-widget-image\" data-id=\"6b44935\" data-element_type=\"widget\" data-e-type=\"widget\" data-widget_type=\"image.default\">\n\t\t\t\t<div class=\"elementor-widget-container\">\n\t\t\t\t\t\t\t\t\t\t\t\t\t\t\t\t<a href=\"https:\/\/lindhautomation.com\/en\/product-category\/asi\/\">\n\t\t\t\t\t\t\t<img loading=\"lazy\" decoding=\"async\" width=\"300\" height=\"157\" src=\"https:\/\/lindhautomation.com\/wp-content\/uploads\/2024\/03\/ASi-Logo-e1713174865786-300x157.png\" class=\"attachment-medium size-medium wp-image-1534\" alt=\"\" srcset=\"https:\/\/lindhautomation.com\/wp-content\/uploads\/2024\/03\/ASi-Logo-e1713174865786-300x157.png 300w, https:\/\/lindhautomation.com\/wp-content\/uploads\/2024\/03\/ASi-Logo-e1713174865786.png 576w\" sizes=\"(max-width: 300px) 100vw, 300px\" \/>\t\t\t\t\t\t\t\t<\/a>\n\t\t\t\t\t\t\t\t\t\t\t\t\t\t\t<\/div>\n\t\t\t\t<\/div>\n\t\t\t\t<\/div>\n\t\t\t\t<div class=\"elementor-element elementor-element-b46d8b6 elementor-widget elementor-widget-text-editor\" data-id=\"b46d8b6\" data-element_type=\"widget\" data-e-type=\"widget\" data-widget_type=\"text-editor.default\">\n\t\t\t\t<div class=\"elementor-widget-container\">\n\t\t\t\t\t\t\t\t\t<p>Our range of products covers the entire breadth of diagnostic devices and solutions for determining physical and logical quality parameters in industrial networks. This includes checks of the network infrastructure (line and cable tests) as well as the analyzation of telegram traffic and electromagnetic compatibility (EMC). In order to give your maintenance staff the best possible conditions, we offer diagnostic solutions for a number of different communication protocols for industrial facilities.<\/p>\t\t\t\t\t\t\t\t<\/div>\n\t\t\t\t<\/div>\n\t\t\t\t<\/div>\n\t\t\t\t\t<\/div>\n\t\t\t\t<\/div>\n\t\t<div class=\"elementor-element elementor-element-af4990e e-flex e-con-boxed e-con e-parent\" data-id=\"af4990e\" data-element_type=\"container\" data-e-type=\"container\">\n\t\t\t\t\t<div class=\"e-con-inner\">\n\t\t<div class=\"elementor-element elementor-element-480661a e-con-full e-flex e-con e-child\" data-id=\"480661a\" data-element_type=\"container\" data-e-type=\"container\">\n\t\t\t\t<div class=\"elementor-element elementor-element-f9e498c elementor-widget elementor-widget-heading\" data-id=\"f9e498c\" data-element_type=\"widget\" data-e-type=\"widget\" data-widget_type=\"heading.default\">\n\t\t\t\t<div class=\"elementor-widget-container\">\n\t\t\t\t\t<h2 class=\"elementor-heading-title elementor-size-default\">Maintenance Instead of Repair\n\n<\/h2>\t\t\t\t<\/div>\n\t\t\t\t<\/div>\n\t\t\t\t<div class=\"elementor-element elementor-element-fa5ca48 elementor-widget elementor-widget-text-editor\" data-id=\"fa5ca48\" data-element_type=\"widget\" data-e-type=\"widget\" data-widget_type=\"text-editor.default\">\n\t\t\t\t<div class=\"elementor-widget-container\">\n\t\t\t\t\t\t\t\t\t<p>All facilities age over time, and this also affects communication networks. Regardless of whether the aging is due to wear or external influences from the production environment, the first signs are often sporadic deviations that easily go unnoticed. If the deviations are not detected, the risk of errors increases, which can threaten the plant's operation. But it doesn't have to go that far!<\/p><p>By regularly or permanently monitoring the communication quality in the plant network, almost all errors can be avoided. Such preventive maintenance (also called predictive maintenance) can be performed by trained maintenance personnel or external specialists, such as our service technicians. The choice depends on how to weigh the costs in each case.<\/p><ul><li><strong>The networks are maintained by your own staff with relevant training and the necessary equipment.<\/strong> Monitor, control and maintain your facility networks on your own. Professional training and appropriate measurement equipment are required.<\/li><li><strong>The networks are maintained by an external service provider.<\/strong> Hire an external specialist for regular inspection and maintenance of the facility networks. The scope of services varies.<\/li><li><strong>Combined maintenance with in-house personnel and external support.<\/strong> Relieve your own maintenance staff where needed. An external partner can assist with time-saving troubleshooting or perform maintenance, for example based on data collected through permanent network monitoring.<\/li><\/ul><p>To maximize availability, we recommend that communication quality is tested regularly from the time the network is put into use. The tests can be performed by your own staff after appropriate training and with the right measuring equipment.<\/p>\t\t\t\t\t\t\t\t<\/div>\n\t\t\t\t<\/div>\n\t\t\t\t<div class=\"elementor-element elementor-element-ca6966e elementor-align-center elementor-widget elementor-widget-button\" data-id=\"ca6966e\" data-element_type=\"widget\" data-e-type=\"widget\" data-widget_type=\"button.default\">\n\t\t\t\t<div class=\"elementor-widget-container\">\n\t\t\t\t\t\t\t\t\t<div class=\"elementor-button-wrapper\">\n\t\t\t\t\t<a class=\"elementor-button elementor-button-link elementor-size-sm\" href=\"\/en\/kontakt\/\">\n\t\t\t\t\t\t<span class=\"elementor-button-content-wrapper\">\n\t\t\t\t\t\t\t\t\t<span class=\"elementor-button-text\">Contact Us<\/span>\n\t\t\t\t\t<\/span>\n\t\t\t\t\t<\/a>\n\t\t\t\t<\/div>\n\t\t\t\t\t\t\t\t<\/div>\n\t\t\t\t<\/div>\n\t\t\t\t<\/div>\n\t\t\t\t<div class=\"elementor-element elementor-element-cb5022d elementor-widget elementor-widget-text-editor\" data-id=\"cb5022d\" data-element_type=\"widget\" data-e-type=\"widget\" data-widget_type=\"text-editor.default\">\n\t\t\t\t<div class=\"elementor-widget-container\">\n\t\t\t\t\t\t\t\t\t<p class=\"translation-block\"><strong>Indu-Sol's diagnostic tools<\/strong><strong> for industrial networks and fieldbus systems:<\/strong><\/p><ul><li>diagnostic solutions for maintenance managers in industry<\/li><li>diagnostic and measuring equipment for line testing and certification<\/li><li>measuring devices for physical and logical quality determination<\/li><li>devices for determining network topologies (for example in PROFINET or Industrial Ethernet)<\/li><li>current measuring clamps for checking and optimizing equipotential bonding<br \/><p style=\"margin: 0in; font-size: 12pt; font-family: Aptos, sans-serif; color: #000000; font-style: normal; font-weight: 400;\">\u00a0<\/p><\/li><\/ul><p><strong>Our experts will be happy to help you choose and combine suitable products based on your systems and needs. Contact us to learn more.<\/strong><strong>.<\/strong><\/p>\t\t\t\t\t\t\t\t<\/div>\n\t\t\t\t<\/div>\n\t\t\t\t\t<\/div>\n\t\t\t\t<\/div>\n\t\t\t\t<\/div>","protected":false},"excerpt":{"rendered":"<p>Diagnosverktyg V\u00e5rt sortiment t\u00e4cker in hela bredden av diagnostiska enheter och l\u00f6sningar f\u00f6r att best\u00e4mma fysiska och logiska kvalitetsparametrar i industriella n\u00e4tverk. Det omfattar kontroller av n\u00e4tverksinfrastrukturen (linje- och kabeltester) s\u00e5v\u00e4l som analyser av telegramtrafik och elektromagnetisk kompatibilitet (EMC). F\u00f6r att ge underh\u00e5llspersonalen b\u00e4sta m\u00f6jliga f\u00f6ruts\u00e4ttningar erbjuder vi diagnostiska l\u00f6sningar f\u00f6r ett flertal olika kommunikationsprotokoll [&hellip;]<\/p>\n","protected":false},"author":2,"featured_media":0,"parent":0,"menu_order":0,"comment_status":"closed","ping_status":"closed","template":"","meta":{"site-sidebar-layout":"no-sidebar","site-content-layout":"page-builder","ast-site-content-layout":"full-width-container","site-content-style":"default","site-sidebar-style":"default","ast-global-header-display":"","ast-banner-title-visibility":"","ast-main-header-display":"","ast-hfb-above-header-display":"","ast-hfb-below-header-display":"","ast-hfb-mobile-header-display":"","site-post-title":"disabled","ast-breadcrumbs-content":"","ast-featured-img":"disabled","footer-sml-layout":"","ast-disable-related-posts":"","theme-transparent-header-meta":"","adv-header-id-meta":"","stick-header-meta":"","header-above-stick-meta":"","header-main-stick-meta":"","header-below-stick-meta":"","astra-migrate-meta-layouts":"set","ast-page-background-enabled":"default","ast-page-background-meta":{"desktop":{"background-color":"var(--ast-global-color-4)","background-image":"","background-repeat":"repeat","background-position":"center center","background-size":"auto","background-attachment":"scroll","background-type":"","background-media":"","overlay-type":"","overlay-color":"","overlay-opacity":"","overlay-gradient":""},"tablet":{"background-color":"","background-image":"","background-repeat":"repeat","background-position":"center center","background-size":"auto","background-attachment":"scroll","background-type":"","background-media":"","overlay-type":"","overlay-color":"","overlay-opacity":"","overlay-gradient":""},"mobile":{"background-color":"","background-image":"","background-repeat":"repeat","background-position":"center center","background-size":"auto","background-attachment":"scroll","background-type":"","background-media":"","overlay-type":"","overlay-color":"","overlay-opacity":"","overlay-gradient":""}},"ast-content-background-meta":{"desktop":{"background-color":"var(--ast-global-color-5)","background-image":"","background-repeat":"repeat","background-position":"center center","background-size":"auto","background-attachment":"scroll","background-type":"","background-media":"","overlay-type":"","overlay-color":"","overlay-opacity":"","overlay-gradient":""},"tablet":{"background-color":"var(--ast-global-color-5)","background-image":"","background-repeat":"repeat","background-position":"center center","background-size":"auto","background-attachment":"scroll","background-type":"","background-media":"","overlay-type":"","overlay-color":"","overlay-opacity":"","overlay-gradient":""},"mobile":{"background-color":"var(--ast-global-color-5)","background-image":"","background-repeat":"repeat","background-position":"center center","background-size":"auto","background-attachment":"scroll","background-type":"","background-media":"","overlay-type":"","overlay-color":"","overlay-opacity":"","overlay-gradient":""}},"footnotes":""},"class_list":["post-1430","page","type-page","status-publish","hentry"],"_links":{"self":[{"href":"https:\/\/lindhautomation.com\/en\/wp-json\/wp\/v2\/pages\/1430","targetHints":{"allow":["GET"]}}],"collection":[{"href":"https:\/\/lindhautomation.com\/en\/wp-json\/wp\/v2\/pages"}],"about":[{"href":"https:\/\/lindhautomation.com\/en\/wp-json\/wp\/v2\/types\/page"}],"author":[{"embeddable":true,"href":"https:\/\/lindhautomation.com\/en\/wp-json\/wp\/v2\/users\/2"}],"replies":[{"embeddable":true,"href":"https:\/\/lindhautomation.com\/en\/wp-json\/wp\/v2\/comments?post=1430"}],"version-history":[{"count":177,"href":"https:\/\/lindhautomation.com\/en\/wp-json\/wp\/v2\/pages\/1430\/revisions"}],"predecessor-version":[{"id":4019,"href":"https:\/\/lindhautomation.com\/en\/wp-json\/wp\/v2\/pages\/1430\/revisions\/4019"}],"wp:attachment":[{"href":"https:\/\/lindhautomation.com\/en\/wp-json\/wp\/v2\/media?parent=1430"}],"curies":[{"name":"wp","href":"https:\/\/api.w.org\/{rel}","templated":true}]}}